{"id":16,"date":"2015-10-17T20:26:10","date_gmt":"2015-10-17T23:26:10","guid":{"rendered":"https:\/\/xakol.sc\/site\/?page_id=16"},"modified":"2020-07-13T19:59:40","modified_gmt":"2020-07-13T22:59:40","slug":"discografia","status":"publish","type":"page","link":"https:\/\/xakol.sc\/site\/discografia\/","title":{"rendered":"Discografia"},"content":{"rendered":"<p><img decoding=\"async\" alt=\"\" src=\"https:\/\/xakol.sc\/site\/wp-content\/themes\/jduartedesign\/images\/titles\/discografia.png\" \/><\/p>\n<h1>DISCOGRAFIA XAKOL:<\/h1>\n<h1><\/h1>\n<p>&nbsp;<\/p>\n<p>(Como projeto solo. Clique em um lan\u00e7amento ou m\u00fasica para detalhes completos.)<\/p>\n<table style=\"width: 100%;\">\n<tbody>\n<tr>\n<td>\n<h3><a title=\"Murdering My Heart\" href=\"https:\/\/xakol.sc\/site\/discography\/murdering-my-heart-pt\/\">Murdering My Heart<\/a> (Single, 2019)<\/h3>\n<p><a href=\"https:\/\/xakol.sc\/site\/discography\/murdering-my-heart-pt\/\"><img loading=\"lazy\" decoding=\"async\" class=\"alignnone size-thumbnail wp-image-1093 \" alt=\"Xakol - Murdering My Heart\" src=\"https:\/\/xakol.sc\/site\/\/wp-content\/uploads\/2019\/12\/Xakol-Murdering-My-Heart-3000x3000.jpg\" width=\"150\" height=\"150\" \/><\/a><\/td>\n<td>\n<h3><a title=\"Runaway\" href=\"https:\/\/xakol.sc\/site\/discography\/runaway-pt\/\">Runaway<\/a> (Single, 2019)<\/h3>\n<p><a href=\"https:\/\/xakol.sc\/site\/discography\/runaway-pt\/\"><img loading=\"lazy\" decoding=\"async\" class=\"alignnone size-thumbnail wp-image-1093\" alt=\"Xakol - Runaway\" src=\"https:\/\/xakol.sc\/site\/wp-content\/uploads\/2015\/10\/Xakol-Runaway-150x150.jpg\" width=\"150\" height=\"150\" srcset=\"https:\/\/xakol.sc\/site\/wp-content\/uploads\/2015\/10\/Xakol-Runaway-150x150.jpg 150w, https:\/\/xakol.sc\/site\/wp-content\/uploads\/2015\/10\/Xakol-Runaway-300x300.jpg 300w, https:\/\/xakol.sc\/site\/wp-content\/uploads\/2015\/10\/Xakol-Runaway-1024x1024.jpg 1024w, https:\/\/xakol.sc\/site\/wp-content\/uploads\/2015\/10\/Xakol-Runaway.jpg 1890w\" sizes=\"auto, (max-width: 150px) 100vw, 150px\" \/><\/a><\/td>\n<\/tr>\n<tr>\n<td>\n<h3><a title=\"Metal for Demons\" href=\"https:\/\/xakol.sc\/site\/discography\/metal-for-demons-pt\/\">Metal for Demons<\/a>\u00a0(Single, 2017)<\/h3>\n<p><a href=\"https:\/\/xakol.sc\/site\/discography\/metal-for-demons-pt\/\"><img loading=\"lazy\" decoding=\"async\" class=\"alignnone size-thumbnail wp-image-1093\" alt=\"Xakol - Metal for Demons - Capa\" src=\"https:\/\/xakol.sc\/site\/wp-content\/uploads\/2017\/06\/Xakol-Metal-for-Demons-Capa-150x150.jpg\" width=\"150\" height=\"150\" \/><\/a><\/td>\n<td>\n<h3><a title=\"Rise of a New Sun\" href=\"https:\/\/xakol.sc\/site\/discography\/rise-of-a-new-sun-pt\/\">Rise of a New Sun<\/a> (Single, 2017)<\/h3>\n<p><a title=\"Rise of a New Sun\" href=\"https:\/\/xakol.sc\/site\/discography\/rise-of-a-new-sun-pt\/\"><img loading=\"lazy\" decoding=\"async\" class=\"alignnone size-thumbnail wp-image-1093\"alt=\"Xakol - Rise of a New Sun\" src=\"https:\/\/xakol.sc\/site\/wp-content\/uploads\/2016\/05\/Xakol-Rise-of-a-New-Sun-150x150.jpg\" width=\"150\" height=\"150\" \/><\/a><\/td>\n<\/tr>\n<\/tbody>\n<\/table>\n<h2>Lan\u00e7amentos futuros:<\/h2>\n<h3><span style=\"color: #bb1010;\">B-sides Compilation<\/span><\/h3>\n<h4>Track-list (n\u00e3o confirmado):<\/h4>\n<ul>\n<li><a title=\"Rise of a New Sun\" href=\"https:\/\/xakol.sc\/site\/discography\/rise-of-a-new-sun-pt\/\"><span style=\"line-height: 13px;\">Rise of a New Sun<\/span><\/a><\/li>\n<li><a title=\"Runaway\" href=\"https:\/\/xakol.sc\/site\/discography\/runaway-pt\/\">Runaway<\/a><\/li>\n<li>?<\/li>\n<li>They Can&#8217;t Take Our Dreams Away<\/li>\n<li>Crazy Weather<\/li>\n<li>Bassoura Solo<\/li>\n<li><a title=\"Metal for Demons\" href=\"https:\/\/xakol.sc\/site\/discography\/metal-for-demons-pt\/\">Metal For Demons<\/a><\/li>\n<li><a title=\"Murdering My Heart\" href=\"https:\/\/xakol.sc\/site\/discography\/murdering-my-heart-pt\/\">Murdering My Heart<\/a><\/li>\n<\/ul>\n<h3><\/h3>\n<h3><span style=\"color: #bb1010;\">Chaos Lit a Soul<\/span> (Full-length)<\/h3>\n<h4>Track-list:<\/h4>\n<ol>\n<li>Por amor \u00e0 m\u00fasica<\/li>\n<li>Fire in My Soul<\/li>\n<li>Condemned Heart<\/li>\n<li>Can Not, May Not, Must Not<\/li>\n<li>Dawn of Insanity<\/li>\n<li>Burn Flags and Unite<\/li>\n<li>The N<sup>th<\/sup>\u00a0Prophecy<\/li>\n<li>Mercury Rain<\/li>\n<li>Restless Hunter<\/li>\n<li>ContrADDiction<\/li>\n<li>Dark Goth Poem<\/li>\n<li>Eternally<\/li>\n<li>Enlightenment Suite<\/li>\n<\/ol>\n<p><strong>Dura\u00e7\u00e3o estimada:<\/strong> 80 minutes<\/p>\n<p>&nbsp;<\/p>\n<h1>DISCOGRAFIA COM A BANDA NOTURNALL:<\/h1>\n<p>&nbsp;<\/p>\n<h3><span style=\"color: #bb1010;\">Scream! For!! Me!!! (feat. <strong>Mike Portnoy<\/strong>)<\/span> (Single, 2019)<\/h3>\n<p><strong>Data de lan\u00e7amento:<\/strong> 04\/10\/2019<br \/>\n<strong>Instrumento:<\/strong> Baixo<\/p>\n<p><span class=\"youtube\"><iframe loading=\"lazy\" title=\"YouTube video player\" class=\"youtube-player\" type=\"text\/html\" width=\"640\" height=\"344\" src=\"\/\/www.youtube.com\/embed\/8zx9X4MQjfQ?wmode=transparent&amp;fs=1&amp;hl=en&amp;modestbranding=1&amp;iv_load_policy=3&amp;showsearch=0&amp;rel=1&amp;theme=dark\" frameborder=\"0\" allowfullscreen><\/iframe><\/span><\/p>\n<p>&nbsp;<\/p>\n<h3><span style=\"color: #bb1010;\">Made in Russia<\/span> (Live album \/ DVD, 2020)<\/h3>\n<h4>Track-list:<\/h4>\n<ol>\n<li>No Turn at All<\/li>\n<li>Scream! For!! Me!!!<\/li>\n<li>Fight the System<\/li>\n<li>Wake up!<\/li>\n<li>Cosmic Redemption<\/li>\n<li>Nocturnal Human Side<\/li>\n<\/ol>\n<p><strong>Data de lan\u00e7amento:<\/strong> 13\/07\/2020<br \/>\n<strong>Instrumento:<\/strong> Baixo<br \/>\n<strong>Contribui\u00e7\u00f5es de composi\u00e7\u00e3o:<\/strong> Coautoria da letra na faixa 5<\/p>\n<p><span class=\"youtube\"><iframe loading=\"lazy\" title=\"YouTube video player\" class=\"youtube-player\" type=\"text\/html\" width=\"640\" height=\"344\" src=\"\/\/www.youtube.com\/embed\/QPmaugtAh78?wmode=transparent&amp;fs=1&amp;hl=en&amp;modestbranding=1&amp;iv_load_policy=3&amp;showsearch=0&amp;rel=1&amp;theme=dark\" frameborder=\"0\" allowfullscreen><\/iframe><\/span><\/p>\n<h2>Lan\u00e7amento futuro:<\/h2>\n<h3><span style=\"color: #bb1010;\">Cosmic Redemption<\/span>\u00a0(Full-length, 2020)<\/h3>\n<p>&nbsp;<\/p>\n<h1>DISCOGRAFIA COM A THOUSAND SUNS:<\/h1>\n<p>&nbsp;<\/p>\n<h3><span style=\"color: #bb1010;\">World of Ares<\/span> (EP, 2017)<\/h3>\n<p><a href=\"https:\/\/xakol.sc\/site\/wp-content\/uploads\/2015\/10\/CAPA_FINAL.jpg\"><img loading=\"lazy\" decoding=\"async\" class=\"size-medium wp-image-1230\" alt=\"World of Ares\" src=\"https:\/\/xakol.sc\/site\/wp-content\/uploads\/2015\/10\/CAPA_FINAL-300x300.jpg\" width=\"150\" height=\"150\" srcset=\"https:\/\/xakol.sc\/site\/wp-content\/uploads\/2015\/10\/CAPA_FINAL-300x300.jpg 300w, https:\/\/xakol.sc\/site\/wp-content\/uploads\/2015\/10\/CAPA_FINAL-150x150.jpg 150w, https:\/\/xakol.sc\/site\/wp-content\/uploads\/2015\/10\/CAPA_FINAL-1024x1024.jpg 1024w, https:\/\/xakol.sc\/site\/wp-content\/uploads\/2015\/10\/CAPA_FINAL.jpg 2000w\" sizes=\"auto, (max-width: 150px) 100vw, 150px\" \/><\/a><\/p>\n<h4>Track-list:<\/h4>\n<ol>\n<li>World of Ares<\/li>\n<li>Planet Fiction<\/li>\n<li>Matter of Life<\/li>\n<\/ol>\n<p><strong>Data de lan\u00e7amento:<\/strong> 22\/07\/2017<br \/>\n<strong>Instrumento:<\/strong> Vocal<br \/>\n<strong>Contribui\u00e7\u00f5es de composi\u00e7\u00e3o:<\/strong> Letra na faixa 2, melodias vocais na faixa 3<\/p>\n<h1><\/h1>\n<p>&nbsp;<\/p>\n<h1>DISCOGRAFIA COM A BANDA ALPHA SIX:<\/h1>\n<p>&nbsp;<\/p>\n<h3><span style=\"color: #bb1010;\">Powerful Demo<\/span> (Demo, 2008)<\/h3>\n<h4>Track-list:<\/h4>\n<ol>\n<li>Powerful Intro (instrumental)<\/li>\n<li>Powerful Change<\/li>\n<li>Silent Voice<\/li>\n<li>Powerful Change (acoustic version)<\/li>\n<\/ol>\n<p><strong>Contribui\u00e7\u00f5es de composi\u00e7\u00e3o:<\/strong> Todas as letras<\/p>\n<h2>Lan\u00e7amento futuro:<\/h2>\n<h3><span style=\"color: #bb1010;\">Enigma<\/span>\u00a0(Full-length, 2020)<\/h3>\n<h4>Track-list (n\u00e3o confirmado):<\/h4>\n<ul>\n<li>Powerful Intro (instrumental)<\/li>\n<li>Powerful Change<\/li>\n<li>Open Your Mind<\/li>\n<li>Broken Heart Puzzle*<\/li>\n<li>Treasure in the Chest<\/li>\n<li>Coal Black Valley<\/li>\n<li>Silent Voice<\/li>\n<li>On Your Way<\/li>\n<li>Wizard of Ice<\/li>\n<\/ul>\n<p><strong>Lan\u00e7amento estimado:<\/strong> Final de 2020 \/ In\u00edcio de 2021<br \/>\n<strong>Instrumentos:<\/strong> Baixo, Backing Vocals<br \/>\n<strong>Contribui\u00e7\u00f5es de composi\u00e7\u00e3o:<\/strong> Todas as letras, exceto *, feita em colabora\u00e7\u00e3o.<\/p>\n<p>&nbsp;<\/p>\n<h1>DISCOGRAFIA COM A BANDA ET NO S\u00cdTIO<\/h1>\n<p>&nbsp;<\/p>\n<h3><span style=\"color: #bb1010;\">Demo<\/span> (Demo, 2001)<\/h3>\n<h4>Track-list:<\/h4>\n<ol>\n<li>Iscola<\/li>\n<li>Sandy<\/li>\n<li>Crazy Weather<\/li>\n<li>No One Knows How Tomorrow Is Gonna Be (instrumental)<\/li>\n<\/ol>\n<p><strong>Composi\u00e7\u00f5es:<\/strong> Todas as m\u00fasicas, letras e arranjos, exceto solo de guitarra na faixa 1.<br \/>\n<strong>Instrumentos:<\/strong> Baixo (Faixas 1, 2 &amp; 4), Vocal (Faixa 3), Guitarra (Faixas 3 &amp; 4), Teclados (Faixa 4), Bateria programada (Faixa 4)<\/p>\n","protected":false},"excerpt":{"rendered":"<p>DISCOGRAFIA XAKOL: &nbsp; (Como projeto solo. Clique em um lan\u00e7amento ou m\u00fasica para detalhes completos.) Murdering My Heart (Single, 2019) Runaway (Single, 2019) Metal for Demons\u00a0(Single, 2017) Rise of a New Sun (Single, 2017) Lan\u00e7amentos futuros: B-sides Compilation Track-list (n\u00e3o confirmado): Rise of a New Sun Runaway ? They Can&#8217;t Take Our Dreams Away Crazy [&hellip;]<\/p>\n","protected":false},"author":1,"featured_media":0,"parent":0,"menu_order":0,"comment_status":"open","ping_status":"open","template":"","meta":{"footnotes":""},"class_list":["post-16","page","type-page","status-publish","hentry"],"_links":{"self":[{"href":"https:\/\/xakol.sc\/site\/wp-json\/wp\/v2\/pages\/16","targetHints":{"allow":["GET"]}}],"collection":[{"href":"https:\/\/xakol.sc\/site\/wp-json\/wp\/v2\/pages"}],"about":[{"href":"https:\/\/xakol.sc\/site\/wp-json\/wp\/v2\/types\/page"}],"author":[{"embeddable":true,"href":"https:\/\/xakol.sc\/site\/wp-json\/wp\/v2\/users\/1"}],"replies":[{"embeddable":true,"href":"https:\/\/xakol.sc\/site\/wp-json\/wp\/v2\/comments?post=16"}],"version-history":[{"count":32,"href":"https:\/\/xakol.sc\/site\/wp-json\/wp\/v2\/pages\/16\/revisions"}],"predecessor-version":[{"id":1346,"href":"https:\/\/xakol.sc\/site\/wp-json\/wp\/v2\/pages\/16\/revisions\/1346"}],"wp:attachment":[{"href":"https:\/\/xakol.sc\/site\/wp-json\/wp\/v2\/media?parent=16"}],"curies":[{"name":"wp","href":"https:\/\/api.w.org\/{rel}","templated":true}]}}