{"id":1205,"date":"2019-12-16T23:17:03","date_gmt":"2019-12-17T02:17:03","guid":{"rendered":"https:\/\/xakol.sc\/site\/?page_id=1205"},"modified":"2020-01-24T02:06:04","modified_gmt":"2020-01-24T05:06:04","slug":"murdering-my-heart-e","status":"publish","type":"page","link":"https:\/\/xakol.sc\/site\/discography\/murdering-my-heart-e\/","title":{"rendered":"Murdering My Heart"},"content":{"rendered":"<h1><a title=\"Discography\" href=\"https:\/\/xakol.sc\/site\/discography\/\"><img decoding=\"async\" alt=\"\" src=\"https:\/\/xakol.sc\/site\/wp-content\/themes\/jduartedesign\/images\/titles\/discography.png\" \/><\/a><\/h1>\n<p>&nbsp;<\/p>\n<h1><span style=\"color: #bb1010;\">Murdering My Heart<\/span><\/h1>\n<p>&nbsp;<\/p>\n<p><a href=\"#historia\">Story<\/a> &#8211;\u00a0<a href=\"#letra\">Lyrics<\/a> &#8211;\u00a0<a href=\"#creditos\">Credits<\/a><\/p>\n<p><span class=\"youtube\"><iframe loading=\"lazy\" title=\"YouTube video player\" class=\"youtube-player\" type=\"text\/html\" width=\"640\" height=\"344\" src=\"\/\/www.youtube.com\/embed\/T7NPFA9-kY8?wmode=transparent&amp;fs=1&amp;hl=en&amp;modestbranding=1&amp;iv_load_policy=3&amp;showsearch=0&amp;rel=1&amp;theme=dark\" frameborder=\"0\" allowfullscreen><\/iframe><\/span><\/p>\n<p>&nbsp;<\/p>\n<h3 id=\"historia\"><span style=\"color: #bb1010;\">Story:<\/span><\/h3>\n<p><a href=\"https:\/\/xakol.sc\/site\/\/wp-content\/uploads\/2019\/12\/Xakol-Murdering-My-Heart-3000x3000.jpg\"><img loading=\"lazy\" decoding=\"async\" class=\"size-medium wp-image-375 alignright\" alt=\"Xakol - Murdering My Heart\" src=\"https:\/\/xakol.sc\/site\/\/wp-content\/uploads\/2019\/12\/Xakol-Murdering-My-Heart-3000x3000.jpg\" width=\"300\" height=\"300\" \/><\/a><br \/>\nFirst song I wrote in my life, in Dec 21st, 1999, when I was starting to learn music. Recording released on the composition&#8217;s 20th anniversary. To the final version, I added a little Death Metal touch, to make it much heavier and more dynamic than my original idea, when I didn&#8217;t even know what metal was.<\/p>\n<p>&nbsp;<\/p>\n<h3 id=\"letra\"><span style=\"color: #bb1010;\">Lyrics:<\/span><\/h3>\n<p>I just lost my dear<br \/>\nNow my heart is clear<br \/>\nI&#8217;ve got no more fear of saying this<\/p>\n<p>Guess how much I&#8217;ve missed her<br \/>\nI&#8217;ve never even kissed her<br \/>\nAll my words have pissed off that bitch<\/p>\n<p>I wanted just to teach her<br \/>\nBut I could never reach her<br \/>\nMy phone calls made her switch her damn line<\/p>\n<p>But love never dies<br \/>\nEven with so many lies<br \/>\nAnd now she only cries there in hell<\/p>\n<p>I did it very well<br \/>\nI&#8217;m locked up in this cell<br \/>\nAnd I would like to tell her how I feel<\/p>\n<p>I had much love to fill her<br \/>\nDecided, though, to kill her<br \/>\nThe only way to heal my heart of cold<\/p>\n<p>She was few years older<br \/>\nI needed much to hold her<br \/>\nAnd then I really told her she was mine<\/p>\n<p>I enjoyed this crime<br \/>\nI laugh all the time<br \/>\nNow I feel so fine and I can sleep<\/p>\n<p>My love was so deep<br \/>\nSent her on a long trip<br \/>\nAll I wanted was to keep her just to me<\/p>\n<p>She didn&#8217;t want to see me<br \/>\nI think I must&#8217;ve been dreaming<br \/>\nWhen I saw her screaming and dying<\/p>\n<p>She may listen to this words<br \/>\nBut she won&#8217;t come back to this world<br \/>\nI&#8217;ll never see her again<br \/>\nTime will never heal this pain<br \/>\nI can not understand<br \/>\nThat this is the end<\/p>\n<p>&nbsp;<\/p>\n<h3 id=\"creditos\"><span style=\"color: #bb1010;\">Credits:<\/span><\/h3>\n<p>Release date: December 31, 2019<\/p>\n<p><strong>Saulo &#8220;Xakol&#8221; Castilho<\/strong> &#8211; Vocals, Bass, Lead Guitar<br \/>\n<strong>Rafael Azevedo<\/strong> &#8211; Rhythm Guitar, Lead Guitar<br \/>\n<strong>Ivan Beretta<\/strong> &#8211; Keyboards<br \/>\n<strong>Mauro Borghezan<\/strong> &#8211; Drums<\/p>\n<p>Recorded at Est\u00fadio Beretta, Florian\u00f3polis, Brazil<br \/>\nAdditional recordings at Est\u00fadio Fus\u00e3o, S\u00e3o Paulo, Brazil<br \/>\nMixed and mastered at Est\u00fadio Fus\u00e3o by <strong>Thiago Bianchi<\/strong><br \/>\nProduced by <strong>Ivan Beretta<\/strong>, <strong>Saulo &#8220;Xakol&#8221; Castilho<\/strong> &#038; <strong>Thiago Bianchi<\/strong><br \/>\nArtwork by <strong>J. Duarte<\/strong><\/p>\n<p>Music and lyrics written by <strong>Saulo &#8220;Xakol&#8221; Castilho<\/strong> in Dec 31st, 1999.<\/p>\n","protected":false},"excerpt":{"rendered":"<p>&nbsp; Murdering My Heart &nbsp; Story &#8211;\u00a0Lyrics &#8211;\u00a0Credits &nbsp; Story: First song I wrote in my life, in Dec 21st, 1999, when I was starting to learn music. Recording released on the composition&#8217;s 20th anniversary. To the final version, I added a little Death Metal touch, to make it much heavier and more dynamic than [&hellip;]<\/p>\n","protected":false},"author":1,"featured_media":0,"parent":26,"menu_order":0,"comment_status":"open","ping_status":"open","template":"","meta":{"footnotes":""},"class_list":["post-1205","page","type-page","status-publish","hentry"],"_links":{"self":[{"href":"https:\/\/xakol.sc\/site\/wp-json\/wp\/v2\/pages\/1205","targetHints":{"allow":["GET"]}}],"collection":[{"href":"https:\/\/xakol.sc\/site\/wp-json\/wp\/v2\/pages"}],"about":[{"href":"https:\/\/xakol.sc\/site\/wp-json\/wp\/v2\/types\/page"}],"author":[{"embeddable":true,"href":"https:\/\/xakol.sc\/site\/wp-json\/wp\/v2\/users\/1"}],"replies":[{"embeddable":true,"href":"https:\/\/xakol.sc\/site\/wp-json\/wp\/v2\/comments?post=1205"}],"version-history":[{"count":7,"href":"https:\/\/xakol.sc\/site\/wp-json\/wp\/v2\/pages\/1205\/revisions"}],"predecessor-version":[{"id":1217,"href":"https:\/\/xakol.sc\/site\/wp-json\/wp\/v2\/pages\/1205\/revisions\/1217"}],"up":[{"embeddable":true,"href":"https:\/\/xakol.sc\/site\/wp-json\/wp\/v2\/pages\/26"}],"wp:attachment":[{"href":"https:\/\/xakol.sc\/site\/wp-json\/wp\/v2\/media?parent=1205"}],"curies":[{"name":"wp","href":"https:\/\/api.w.org\/{rel}","templated":true}]}}