{"id":1100,"date":"2019-07-02T21:40:08","date_gmt":"2019-07-03T00:40:08","guid":{"rendered":"https:\/\/xakol.sc\/site\/?page_id=1100"},"modified":"2020-01-24T02:04:30","modified_gmt":"2020-01-24T05:04:30","slug":"runaway-en","status":"publish","type":"page","link":"https:\/\/xakol.sc\/site\/discography\/runaway-en\/","title":{"rendered":"Runaway"},"content":{"rendered":"<h1><a title=\"Discography\" href=\"https:\/\/xakol.sc\/site\/discography\/\"><img decoding=\"async\" alt=\"\" src=\"https:\/\/xakol.sc\/site\/wp-content\/themes\/jduartedesign\/images\/titles\/discography.png\" \/><\/a><\/h1>\n<p>&nbsp;<\/p>\n<h1><span style=\"color: #bb1010;\">Runaway<\/span><\/h1>\n<p>&nbsp;<\/p>\n<p><a href=\"#story\">Story<\/a> &#8211;\u00a0<a href=\"#lyrics\">Lyrics<\/a> &#8211;\u00a0<a href=\"#credits\">Credits<\/a><\/p>\n<p><span class=\"youtube\"><iframe loading=\"lazy\" title=\"YouTube video player\" class=\"youtube-player\" type=\"text\/html\" width=\"640\" height=\"344\" src=\"\/\/www.youtube.com\/embed\/X1MzSwvAFnc?wmode=transparent&amp;fs=1&amp;hl=en&amp;modestbranding=1&amp;iv_load_policy=3&amp;showsearch=0&amp;rel=1&amp;theme=dark\" frameborder=\"0\" allowfullscreen><\/iframe><\/span><\/p>\n<p>&nbsp;<\/p>\n<h3 id=\"story\"><span style=\"color: #bb1010;\">Story:<\/span><\/h3>\n<p><a href=\"https:\/\/xakol.sc\/site\/\/wp-content\/uploads\/2015\/10\/Xakol-Runaway.jpg\"><img loading=\"lazy\" decoding=\"async\" class=\"size-medium wp-image-375 alignright\" alt=\"Xakol - Runaway\" src=\"https:\/\/xakol.sc\/site\/\/wp-content\/uploads\/2015\/10\/Xakol-Runaway.jpg\" width=\"300\" height=\"300\" \/><\/a><br \/>\nA mysterious song dedicated to a friend.<\/p>\n<p>&nbsp;<\/p>\n<h3 id=\"lyrics\"><span style=\"color: #bb1010;\">Lyrics:<\/span><\/h3>\n<p>Runaway from my illusions<br \/>\nAll I try hard to conceal<br \/>\nNo one encourages these obsessions<br \/>\nI still want to make them real<br \/>\nGotta reach for that horizon<br \/>\nAfter all there&#8217;s just one chance<br \/>\nYet I lack some confidence<\/p>\n<p>Runaway<br \/>\nAlways wish to run away<br \/>\nNever see any other way<br \/>\nIn my puzzled mind<\/p>\n<p>Vanishing<br \/>\nIn the darkness<br \/>\nAll must fade<br \/>\nDo you wish to run away<br \/>\nAny time<br \/>\nOr any day?<\/p>\n<p>Downwards, the way I start to fall<br \/>\nAnswers I seek at vertical<\/p>\n<p>Remove all the memories that long last<br \/>\nEscape from the demons of my past<\/p>\n<p>No sense I find in what I read<br \/>\nOther point of view I need<\/p>\n<p>Kill all the thoughts I&#8217;m hiding<br \/>\nInside my doubtful mind<br \/>\nBrush this filthy dust away<br \/>\nEnd my constant lust to<\/p>\n<p>Run away<br \/>\nAlways wish to run away<br \/>\nNever see any other way<br \/>\nIn my puzzled mind<\/p>\n<p>Vanishing<br \/>\nIn the darkness<br \/>\nAll must fade<br \/>\nDo you wish to run away<br \/>\nAny time<br \/>\nOr any day?<\/p>\n<p>Runaway<br \/>\nAlways wish to run away<br \/>\nNever see any other way<br \/>\nIn my puzzled mind<\/p>\n<p>Vanishing<br \/>\nIn the darkness<br \/>\nAll must fade<br \/>\nDo you wish to run away<br \/>\nAny time<br \/>\nOr any day?<\/p>\n<p>&nbsp;<\/p>\n<h3 id=\"credits\"><span style=\"color: #bb1010;\">Credits:<\/span><\/h3>\n<p>Release Date: June 4, 2019<\/p>\n<p><strong>Saulo &#8220;Xakol&#8221; Castilho<\/strong> &#8211; Vocals, Bass<br \/>\n<strong>Rafael Azevedo<\/strong> &#8211; Guitars<br \/>\n<strong>Ivan Beretta<\/strong> &#8211; Keyboards<br \/>\n<strong>Mauro Borghezan<\/strong> &#8211; Drums<\/p>\n<p>Recorded at Est\u00fadio Beretta, Florian\u00f3polis, Brazil<br \/>\nAdditional recordings at Est\u00fadio Fus\u00e3o, S\u00e3o Paulo, Brazil<br \/>\nMixed and mastered at Est\u00fadio Fus\u00e3o by <strong>Thiago Bianchi<\/strong><br \/>\nProduced by <strong>Ivan Beretta<\/strong>, <strong>Saulo &#8220;Xakol&#8221; Castilho<\/strong> &#038; <strong>Thiago Bianchi<\/strong><br \/>\nArtwork by <strong>J. Duarte<\/strong><\/p>\n<p>Music and lyrics written by <strong>Saulo &#8220;Xakol&#8221; Castilho<\/strong> in 2007.<\/p>\n","protected":false},"excerpt":{"rendered":"<p>&nbsp; Runaway &nbsp; Story &#8211;\u00a0Lyrics &#8211;\u00a0Credits &nbsp; Story: A mysterious song dedicated to a friend. &nbsp; Lyrics: Runaway from my illusions All I try hard to conceal No one encourages these obsessions I still want to make them real Gotta reach for that horizon After all there&#8217;s just one chance Yet I lack some confidence [&hellip;]<\/p>\n","protected":false},"author":1,"featured_media":0,"parent":26,"menu_order":0,"comment_status":"open","ping_status":"open","template":"","meta":{"footnotes":""},"class_list":["post-1100","page","type-page","status-publish","hentry"],"_links":{"self":[{"href":"https:\/\/xakol.sc\/site\/wp-json\/wp\/v2\/pages\/1100","targetHints":{"allow":["GET"]}}],"collection":[{"href":"https:\/\/xakol.sc\/site\/wp-json\/wp\/v2\/pages"}],"about":[{"href":"https:\/\/xakol.sc\/site\/wp-json\/wp\/v2\/types\/page"}],"author":[{"embeddable":true,"href":"https:\/\/xakol.sc\/site\/wp-json\/wp\/v2\/users\/1"}],"replies":[{"embeddable":true,"href":"https:\/\/xakol.sc\/site\/wp-json\/wp\/v2\/comments?post=1100"}],"version-history":[{"count":7,"href":"https:\/\/xakol.sc\/site\/wp-json\/wp\/v2\/pages\/1100\/revisions"}],"predecessor-version":[{"id":1236,"href":"https:\/\/xakol.sc\/site\/wp-json\/wp\/v2\/pages\/1100\/revisions\/1236"}],"up":[{"embeddable":true,"href":"https:\/\/xakol.sc\/site\/wp-json\/wp\/v2\/pages\/26"}],"wp:attachment":[{"href":"https:\/\/xakol.sc\/site\/wp-json\/wp\/v2\/media?parent=1100"}],"curies":[{"name":"wp","href":"https:\/\/api.w.org\/{rel}","templated":true}]}}