{"id":1095,"date":"2019-07-02T21:34:41","date_gmt":"2019-07-03T00:34:41","guid":{"rendered":"https:\/\/xakol.sc\/site\/?page_id=1095"},"modified":"2019-07-02T21:34:41","modified_gmt":"2019-07-03T00:34:41","slug":"runaway-pt","status":"publish","type":"page","link":"https:\/\/xakol.sc\/site\/discografia\/runaway-pt\/","title":{"rendered":"Runaway"},"content":{"rendered":"<p><a title=\"Discografia\" href=\"https:\/\/xakol.sc\/site\/discografia\/\"><img decoding=\"async\" alt=\"\" src=\"https:\/\/xakol.sc\/site\/wp-content\/themes\/jduartedesign\/images\/titles\/discografia.png\" \/><\/a><\/p>\n<h1><\/h1>\n<p>&nbsp;<\/p>\n<h1><span style=\"color: #bb1010;\">Runaway<\/span><\/h1>\n<p>&nbsp;<\/p>\n<p><a href=\"#historia\">Hist\u00f3ria<\/a> &#8211;\u00a0<a href=\"#letra\">Letra<\/a>\u00a0&#8211; <a href=\"#traducao\">Tradu\u00e7\u00e3o<\/a><\/p>\n<p><span class=\"youtube\"><iframe loading=\"lazy\" title=\"YouTube video player\" class=\"youtube-player\" type=\"text\/html\" width=\"640\" height=\"344\" src=\"\/\/www.youtube.com\/embed\/X1MzSwvAFnc?wmode=transparent&amp;fs=1&amp;hl=en&amp;modestbranding=1&amp;iv_load_policy=3&amp;showsearch=0&amp;rel=1&amp;theme=dark\" frameborder=\"0\" allowfullscreen><\/iframe><\/span><\/p>\n<p>&nbsp;<\/p>\n<h3 id=\"historia\"><span style=\"color: #bb1010;\">Hist\u00f3ria:<\/span><\/h3>\n<p><a href=\"https:\/\/xakol.sc\/site\/\/wp-content\/uploads\/2015\/10\/Xakol-Runaway.jpg\"><img loading=\"lazy\" decoding=\"async\" class=\"size-medium wp-image-375 alignright\" alt=\"Xakol - Runaway\" src=\"https:\/\/xakol.sc\/site\/\/wp-content\/uploads\/2015\/10\/Xakol-Runaway.jpg\" width=\"300\" height=\"300\" \/><\/a><br \/>\nUma m\u00fasica que fiz em homenagem a um colega de banda.<\/p>\n<p>&nbsp;<\/p>\n<h3 id=\"letra\"><span style=\"color: #bb1010;\">Letra:<\/span><\/h3>\n<p>Runaway from my illusions<br \/>\nAll I try hard to conceal<br \/>\nNo one encourages these obsessions<br \/>\nI still want to make them real<br \/>\nGotta reach for that horizon<br \/>\nAfter all there&#8217;s just one chance<br \/>\nYet I lack some confidence<\/p>\n<p>Runaway<br \/>\nAlways wish to run away<br \/>\nNever see any other way<br \/>\nIn my puzzled mind<\/p>\n<p>Vanishing<br \/>\nIn the darkness<br \/>\nAll must fade<br \/>\nDo you wish to run away<br \/>\nAny time<br \/>\nOr any day?<\/p>\n<p>Downwards, the way I start to fall<br \/>\nAnswers I seek at vertical<\/p>\n<p>Remove all the memories that long last<br \/>\nEscape from the demons of my past<\/p>\n<p>No sense I find in what I read<br \/>\nOther point of view I need<\/p>\n<p>Kill all the thoughts I&#8217;m hiding<br \/>\nInside my doubtful mind<br \/>\nBrush this filthy dust away<br \/>\nEnd my constant lust to<\/p>\n<p>Run away<br \/>\nAlways wish to run away<br \/>\nNever see any other way<br \/>\nIn my puzzled mind<\/p>\n<p>Vanishing<br \/>\nIn the darkness<br \/>\nAll must fade<br \/>\nDo you wish to run away<br \/>\nAny time<br \/>\nOr any day?<\/p>\n<p>Runaway<br \/>\nAlways wish to run away<br \/>\nNever see any other way<br \/>\nIn my puzzled mind<\/p>\n<p>Vanishing<br \/>\nIn the darkness<br \/>\nAll must fade<br \/>\nDo you wish to run away<br \/>\nAny time<br \/>\nOr any day?<\/p>\n<p>&nbsp;<\/p>\n<h3 id=\"traducao\"><span style=\"color: #bb1010;\">Tradu\u00e7\u00e3o:<\/span><\/h3>\n<p>Fugitivo das minhas ilus\u00f5es<br \/>\nTudo o que eu tento esconder<br \/>\nNingu\u00e9m encoraja essas obsess\u00f5es<br \/>\nEu ainda quero torn\u00e1-las reais<br \/>\nTenho que alcan\u00e7ar esse horizonte<br \/>\nAfinal, h\u00e1 apenas uma chance<br \/>\nAinda que me falte um pouco de confian\u00e7a<\/p>\n<p>Fugitivo<br \/>\nSempre desejo fugir<br \/>\nNunca vejo outra maneira<br \/>\nEm minha mente confusa<\/p>\n<p>Desaparecendo<br \/>\nNa escurid\u00e3o<br \/>\nTudo deve sumir<br \/>\nVoc\u00ea deseja fugir<br \/>\nA qualquer momento<br \/>\nOu a qualquer dia?<\/p>\n<p>Para baixo, o caminho pelo qual come\u00e7o a cair<br \/>\nRespostas eu busco na vertical<\/p>\n<p>Remover todas as mem\u00f3rias que h\u00e1 muito duram<br \/>\nFugir dos dem\u00f4nios do meu passado<\/p>\n<p>Nenhum sentido encontro no que leio<br \/>\nDe outro ponto de vista eu preciso<\/p>\n<p>Mate todos os pensamentos que estou escondendo<br \/>\nDentro da minha mente duvidosa<br \/>\nVarra essa poeira imunda para longe<br \/>\nAcabe com meu desejo constante de<\/p>\n<p>Fugir<br \/>\nSempre desejo fugir<br \/>\nNunca vejo outra maneira<br \/>\nNa minha mente confusa<\/p>\n<p>Desaparecendo<br \/>\nNa escurid\u00e3o<br \/>\nTudo deve sumir<br \/>\nVoc\u00ea deseja fugir<br \/>\nA qualquer momento<br \/>\nOu a qualquer dia?<\/p>\n<p>Fugitivo<br \/>\nSempre desejo fugir<br \/>\nNunca vejo outra maneira<br \/>\nEm minha mente confusa<\/p>\n<p>Desaparecendo<br \/>\nNa escurid\u00e3o<br \/>\nTudo deve sumir<br \/>\nVoc\u00ea deseja fugir<br \/>\nA qualquer momento<br \/>\nOu a qualquer dia?<\/p>\n","protected":false},"excerpt":{"rendered":"<p>&nbsp; Runaway &nbsp; Hist\u00f3ria &#8211;\u00a0Letra\u00a0&#8211; Tradu\u00e7\u00e3o &nbsp; Hist\u00f3ria: Uma m\u00fasica que fiz em homenagem a um colega de banda. &nbsp; Letra: Runaway from my illusions All I try hard to conceal No one encourages these obsessions I still want to make them real Gotta reach for that horizon After all there&#8217;s just one chance Yet [&hellip;]<\/p>\n","protected":false},"author":1,"featured_media":0,"parent":16,"menu_order":0,"comment_status":"open","ping_status":"open","template":"","meta":{"footnotes":""},"class_list":["post-1095","page","type-page","status-publish","hentry"],"_links":{"self":[{"href":"https:\/\/xakol.sc\/site\/wp-json\/wp\/v2\/pages\/1095","targetHints":{"allow":["GET"]}}],"collection":[{"href":"https:\/\/xakol.sc\/site\/wp-json\/wp\/v2\/pages"}],"about":[{"href":"https:\/\/xakol.sc\/site\/wp-json\/wp\/v2\/types\/page"}],"author":[{"embeddable":true,"href":"https:\/\/xakol.sc\/site\/wp-json\/wp\/v2\/users\/1"}],"replies":[{"embeddable":true,"href":"https:\/\/xakol.sc\/site\/wp-json\/wp\/v2\/comments?post=1095"}],"version-history":[{"count":3,"href":"https:\/\/xakol.sc\/site\/wp-json\/wp\/v2\/pages\/1095\/revisions"}],"predecessor-version":[{"id":1098,"href":"https:\/\/xakol.sc\/site\/wp-json\/wp\/v2\/pages\/1095\/revisions\/1098"}],"up":[{"embeddable":true,"href":"https:\/\/xakol.sc\/site\/wp-json\/wp\/v2\/pages\/16"}],"wp:attachment":[{"href":"https:\/\/xakol.sc\/site\/wp-json\/wp\/v2\/media?parent=1095"}],"curies":[{"name":"wp","href":"https:\/\/api.w.org\/{rel}","templated":true}]}}