{"id":103,"date":"2015-10-31T15:35:00","date_gmt":"2015-10-31T18:35:00","guid":{"rendered":"https:\/\/xakol.sc\/site\/?page_id=103"},"modified":"2017-03-21T14:55:56","modified_gmt":"2017-03-21T17:55:56","slug":"instrumentos","status":"publish","type":"page","link":"https:\/\/xakol.sc\/site\/instrumentos\/","title":{"rendered":"Instrumentos"},"content":{"rendered":"<p><img decoding=\"async\" alt=\"\" src=\"https:\/\/xakol.sc\/site\/wp-content\/themes\/jduartedesign\/images\/titles\/instrumentos.png\" \/><\/p>\n<p>&nbsp;<\/p>\n<h2 style=\"text-align: center;\"><span style=\"color: #bb1010;\"><strong>BASSOURA<\/strong><\/span><\/h2>\n<p><a href=\"https:\/\/xakol.sc\/site\/wp-content\/uploads\/2015\/10\/DSC09342-resize.jpg\"><img loading=\"lazy\" decoding=\"async\" class=\"alignnone size-medium wp-image-73 aligncenter\" alt=\"DSC09342-resize\" src=\"https:\/\/xakol.sc\/site\/wp-content\/uploads\/2015\/10\/DSC09342-resize-225x300.jpg\" width=\"225\" height=\"300\" srcset=\"https:\/\/xakol.sc\/site\/wp-content\/uploads\/2015\/10\/DSC09342-resize-225x300.jpg 225w, https:\/\/xakol.sc\/site\/wp-content\/uploads\/2015\/10\/DSC09342-resize.jpg 640w\" sizes=\"auto, (max-width: 225px) 100vw, 225px\" \/><\/a><\/p>\n<p>A Bassoura \u00e9 um contrabaixo fretless de 1 corda montado sobre o corpo de uma vassoura. O conceito deste instrumento surgiu da jun\u00e7\u00e3o de tr\u00eas ideias principais: a primeira era a de que algumas m\u00fasicas seriam t\u00e3o simples de serem tocadas no baixo que n\u00e3o seria necess\u00e1rio usar mais do que uma corda para isso; a segunda foi das brincadeiras de &#8220;air guitar&#8221; utilizando vassouras; e a terceira era de que um captador muito bom poderia ser colocado at\u00e9 em um cabo de vassoura que forneceria uma \u00f3tima sonoridade (apesar de que na vers\u00e3o original da Bassoura foi utilizado o captador mais barato que encontrei, que custou na \u00e9poca 18 reais). Passei a ideia para o luthier Inaldo Souza que deu vida \u00e0 minha concep\u00e7\u00e3o. Atualmente ela tamb\u00e9m recebe manuten\u00e7\u00e3o pelo luthier Alex Arroyo e a capta\u00e7\u00e3o recebeu um grande upgrade para um captador Sergio Rosar. O segredo da montagem do captador foi coloc\u00e1-lo paralelo \u00e0 corda, para que a vibra\u00e7\u00e3o seja captada em toda a sua extens\u00e3o. A correia foi feita por mim mesmo utilizando corda de varal. Foi necess\u00e1rio utilizar 3 pontos de fixa\u00e7\u00e3o para dar estabilidade ao instrumento.<\/p>\n<p><span class=\"youtube\"><iframe loading=\"lazy\" title=\"YouTube video player\" class=\"youtube-player\" type=\"text\/html\" width=\"640\" height=\"344\" src=\"\/\/www.youtube.com\/embed\/Sm5bx865m5g?wmode=transparent&amp;fs=1&amp;hl=en&amp;modestbranding=1&amp;iv_load_policy=3&amp;showsearch=0&amp;rel=1&amp;theme=dark\" frameborder=\"0\" allowfullscreen><\/iframe><\/span><\/p>\n","protected":false},"excerpt":{"rendered":"<p>&nbsp; BASSOURA A Bassoura \u00e9 um contrabaixo fretless de 1 corda montado sobre o corpo de uma vassoura. O conceito deste instrumento surgiu da jun\u00e7\u00e3o de tr\u00eas ideias principais: a primeira era a de que algumas m\u00fasicas seriam t\u00e3o simples de serem tocadas no baixo que n\u00e3o seria necess\u00e1rio usar mais do que uma corda [&hellip;]<\/p>\n","protected":false},"author":1,"featured_media":0,"parent":0,"menu_order":0,"comment_status":"open","ping_status":"open","template":"","meta":{"footnotes":""},"class_list":["post-103","page","type-page","status-publish","hentry"],"_links":{"self":[{"href":"https:\/\/xakol.sc\/site\/wp-json\/wp\/v2\/pages\/103","targetHints":{"allow":["GET"]}}],"collection":[{"href":"https:\/\/xakol.sc\/site\/wp-json\/wp\/v2\/pages"}],"about":[{"href":"https:\/\/xakol.sc\/site\/wp-json\/wp\/v2\/types\/page"}],"author":[{"embeddable":true,"href":"https:\/\/xakol.sc\/site\/wp-json\/wp\/v2\/users\/1"}],"replies":[{"embeddable":true,"href":"https:\/\/xakol.sc\/site\/wp-json\/wp\/v2\/comments?post=103"}],"version-history":[{"count":9,"href":"https:\/\/xakol.sc\/site\/wp-json\/wp\/v2\/pages\/103\/revisions"}],"predecessor-version":[{"id":615,"href":"https:\/\/xakol.sc\/site\/wp-json\/wp\/v2\/pages\/103\/revisions\/615"}],"wp:attachment":[{"href":"https:\/\/xakol.sc\/site\/wp-json\/wp\/v2\/media?parent=103"}],"curies":[{"name":"wp","href":"https:\/\/api.w.org\/{rel}","templated":true}]}}